{"id":559,"date":"2025-04-10T12:29:19","date_gmt":"2025-04-10T09:29:19","guid":{"rendered":"https:\/\/lp.opdrayberkakcay.com\/thank-you-page\/"},"modified":"2025-04-16T15:48:38","modified_gmt":"2025-04-16T12:48:38","slug":"tesekkurler-sayfasi","status":"publish","type":"page","link":"https:\/\/lp.opdrayberkakcay.com\/tr\/tesekkurler-sayfasi\/","title":{"rendered":"Te\u015fekk\u00fcrler Sayfas\u0131"},"content":{"rendered":"[vc_row type=&#8221;in_container&#8221; full_screen_row_position=&#8221;middle&#8221; column_margin=&#8221;default&#8221; column_direction=&#8221;default&#8221; column_direction_tablet=&#8221;default&#8221; column_direction_phone=&#8221;default&#8221; bg_color=&#8221;#f5e79e&#8221; scene_position=&#8221;center&#8221; constrain_group_1=&#8221;yes&#8221; constrain_group_5=&#8221;yes&#8221; top_margin=&#8221;5%&#8221; constrain_group_7=&#8221;yes&#8221; bottom_margin=&#8221;5%&#8221; top_margin_phone=&#8221;50&#8243; constrain_group_11=&#8221;yes&#8221; bottom_margin_phone=&#8221;50&#8243; text_color=&#8221;custom&#8221; custom_text_color=&#8221;#000000&#8243; text_align=&#8221;left&#8221; row_border_radius=&#8221;custom&#8221; row_border_radius_applies=&#8221;bg&#8221; top_left_border_radius=&#8221;25&#8243; top_right_border_radius=&#8221;25&#8243; bottom_right_border_radius=&#8221;25&#8243; bottom_left_border_radius=&#8221;25&#8243; zindex=&#8221;1000&#8243; overflow=&#8221;visible&#8221; overlay_strength=&#8221;0.3&#8243; gradient_direction=&#8221;left_to_right&#8221; shape_divider_position=&#8221;bottom&#8221; bg_image_animation=&#8221;none&#8221; gradient_type=&#8221;default&#8221; shape_type=&#8221;&#8221;][vc_column top_padding_desktop=&#8221;30&#8243; constrain_group_100=&#8221;yes&#8221; bottom_padding_desktop=&#8221;30&#8243; left_padding_desktop=&#8221;30&#8243; constrain_group_101=&#8221;yes&#8221; right_padding_desktop=&#8221;30&#8243; column_element_direction_desktop=&#8221;default&#8221; column_element_spacing=&#8221;20px&#8221; desktop_text_alignment=&#8221;default&#8221; tablet_text_alignment=&#8221;default&#8221; phone_text_alignment=&#8221;default&#8221; background_color_opacity=&#8221;1&#8243; background_hover_color_opacity=&#8221;1&#8243; column_backdrop_filter=&#8221;none&#8221; column_shadow=&#8221;none&#8221; column_border_radius=&#8221;none&#8221; column_link_target=&#8221;_self&#8221; column_position=&#8221;default&#8221; gradient_direction=&#8221;left_to_right&#8221; overlay_strength=&#8221;0.3&#8243; width=&#8221;1\/1&#8243; tablet_width_inherit=&#8221;default&#8221; animation_type=&#8221;default&#8221; bg_image_animation=&#8221;none&#8221; border_type=&#8221;simple&#8221; column_border_width=&#8221;none&#8221; column_border_style=&#8221;solid&#8221; column_padding_type=&#8221;advanced&#8221; gradient_type=&#8221;default&#8221;][divider line_type=&#8221;No Line&#8221; custom_height=&#8221;4vw&#8221;][vc_row_inner column_margin=&#8221;default&#8221; column_direction=&#8221;default&#8221; column_direction_tablet=&#8221;default&#8221; column_direction_phone=&#8221;default&#8221; text_align=&#8221;left&#8221; row_position=&#8221;default&#8221; row_position_tablet=&#8221;inherit&#8221; row_position_phone=&#8221;inherit&#8221; overflow=&#8221;visible&#8221; pointer_events=&#8221;all&#8221;][vc_column_inner column_padding=&#8221;no-extra-padding&#8221; column_padding_tablet=&#8221;inherit&#8221; column_padding_phone=&#8221;inherit&#8221; column_padding_position=&#8221;all&#8221; column_element_direction_desktop=&#8221;default&#8221; column_element_spacing=&#8221;default&#8221; desktop_text_alignment=&#8221;center&#8221; tablet_text_alignment=&#8221;default&#8221; phone_text_alignment=&#8221;default&#8221; background_color_opacity=&#8221;1&#8243; background_hover_color_opacity=&#8221;1&#8243; column_backdrop_filter=&#8221;none&#8221; column_shadow=&#8221;none&#8221; column_border_radius=&#8221;none&#8221; column_link_target=&#8221;_self&#8221; overflow=&#8221;visible&#8221; gradient_direction=&#8221;left_to_right&#8221; overlay_strength=&#8221;0.3&#8243; width=&#8221;1\/1&#8243; tablet_width_inherit=&#8221;default&#8221; animation_type=&#8221;default&#8221; bg_image_animation=&#8221;none&#8221; border_type=&#8221;simple&#8221; column_border_width=&#8221;none&#8221; column_border_style=&#8221;solid&#8221; column_padding_type=&#8221;default&#8221; gradient_type=&#8221;default&#8221;][nectar_cta btn_style=&#8221;basic&#8221; heading_tag=&#8221;h2&#8243; font_size_max=&#8221;130px&#8221; button_color=&#8221;default&#8221; button_border_thickness=&#8221;0px&#8221; link_type=&#8221;regular&#8221; alignment=&#8221;left&#8221; alignment_tablet=&#8221;default&#8221; alignment_phone=&#8221;default&#8221; display=&#8221;block&#8221; display_tablet=&#8221;inherit&#8221; display_phone=&#8221;inherit&#8221; icon_family=&#8221;none&#8221; font_size_desktop=&#8221;35&#8243; link_text=&#8221;Form g\u00f6nderildi, te\u015fekk\u00fcrler.&#8221; font_size_phone=&#8221;25px&#8221;][\/vc_column_inner][\/vc_row_inner][vc_row_inner column_margin=&#8221;10px&#8221; column_direction=&#8221;default&#8221; column_direction_tablet=&#8221;default&#8221; column_direction_phone=&#8221;default&#8221; text_align=&#8221;center&#8221; row_position=&#8221;default&#8221; row_position_tablet=&#8221;inherit&#8221; row_position_phone=&#8221;inherit&#8221; overflow=&#8221;visible&#8221; pointer_events=&#8221;all&#8221;][vc_column_inner column_padding=&#8221;no-extra-padding&#8221; column_padding_tablet=&#8221;inherit&#8221; column_padding_phone=&#8221;inherit&#8221; column_padding_position=&#8221;all&#8221; column_element_direction_desktop=&#8221;default&#8221; column_element_spacing=&#8221;default&#8221; desktop_text_alignment=&#8221;default&#8221; tablet_text_alignment=&#8221;center&#8221; phone_text_alignment=&#8221;center&#8221; background_color_opacity=&#8221;1&#8243; background_hover_color_opacity=&#8221;1&#8243; column_backdrop_filter=&#8221;none&#8221; column_shadow=&#8221;none&#8221; column_border_radius=&#8221;none&#8221; column_link_target=&#8221;_self&#8221; overflow=&#8221;visible&#8221; gradient_direction=&#8221;left_to_right&#8221; overlay_strength=&#8221;0.3&#8243; width=&#8221;1\/1&#8243; tablet_width_inherit=&#8221;default&#8221; animation_type=&#8221;default&#8221; bg_image_animation=&#8221;none&#8221; border_type=&#8221;simple&#8221; column_border_width=&#8221;none&#8221; column_border_style=&#8221;solid&#8221; column_padding_type=&#8221;default&#8221; gradient_type=&#8221;default&#8221;][nectar_btn size=&#8221;large&#8221; button_style=&#8221;regular&#8221; button_color_2=&#8221;Accent-Color&#8221; icon_family=&#8221;none&#8221; text=&#8221;Web sitemizi ziyaret etmek i\u00e7in buraya t\u0131klay\u0131n.&#8221; url=&#8221;https:\/\/opdrayberkakcay.com\/tr&#8221;][\/vc_column_inner][\/vc_row_inner][divider line_type=&#8221;No Line&#8221; custom_height=&#8221;2vw&#8221;][\/vc_column][\/vc_row]\n","protected":false},"excerpt":{"rendered":"<p>[vc_row type=&#8221;in_container&#8221; full_screen_row_position=&#8221;middle&#8221; column_margin=&#8221;default&#8221; column_direction=&#8221;default&#8221; column_direction_tablet=&#8221;default&#8221; column_direction_phone=&#8221;default&#8221; bg_color=&#8221;#f5e79e&#8221; scene_position=&#8221;center&#8221; constrain_group_1=&#8221;yes&#8221; constrain_group_5=&#8221;yes&#8221; top_margin=&#8221;5%&#8221; constrain_group_7=&#8221;yes&#8221; bottom_margin=&#8221;5%&#8221; top_margin_phone=&#8221;50&#8243; constrain_group_11=&#8221;yes&#8221; bottom_margin_phone=&#8221;50&#8243; text_color=&#8221;custom&#8221; custom_text_color=&#8221;#000000&#8243; text_align=&#8221;left&#8221; row_border_radius=&#8221;custom&#8221; row_border_radius_applies=&#8221;bg&#8221; top_left_border_radius=&#8221;25&#8243; top_right_border_radius=&#8221;25&#8243; bottom_right_border_radius=&#8221;25&#8243; bottom_left_border_radius=&#8221;25&#8243; zindex=&#8221;1000&#8243; overflow=&#8221;visible&#8221; overlay_strength=&#8221;0.3&#8243; gradient_direction=&#8221;left_to_right&#8221;&#8230;<\/p>\n","protected":false},"author":1,"featured_media":0,"parent":0,"menu_order":0,"comment_status":"closed","ping_status":"closed","template":"","meta":{"footnotes":""},"class_list":["post-559","page","type-page","status-publish"],"_links":{"self":[{"href":"https:\/\/lp.opdrayberkakcay.com\/tr\/wp-json\/wp\/v2\/pages\/559","targetHints":{"allow":["GET"]}}],"collection":[{"href":"https:\/\/lp.opdrayberkakcay.com\/tr\/wp-json\/wp\/v2\/pages"}],"about":[{"href":"https:\/\/lp.opdrayberkakcay.com\/tr\/wp-json\/wp\/v2\/types\/page"}],"author":[{"embeddable":true,"href":"https:\/\/lp.opdrayberkakcay.com\/tr\/wp-json\/wp\/v2\/users\/1"}],"replies":[{"embeddable":true,"href":"https:\/\/lp.opdrayberkakcay.com\/tr\/wp-json\/wp\/v2\/comments?post=559"}],"version-history":[{"count":2,"href":"https:\/\/lp.opdrayberkakcay.com\/tr\/wp-json\/wp\/v2\/pages\/559\/revisions"}],"predecessor-version":[{"id":561,"href":"https:\/\/lp.opdrayberkakcay.com\/tr\/wp-json\/wp\/v2\/pages\/559\/revisions\/561"}],"wp:attachment":[{"href":"https:\/\/lp.opdrayberkakcay.com\/tr\/wp-json\/wp\/v2\/media?parent=559"}],"curies":[{"name":"wp","href":"https:\/\/api.w.org\/{rel}","templated":true}]}}